{"id":5442,"date":"2021-07-13T11:12:04","date_gmt":"2021-07-13T11:12:04","guid":{"rendered":"https:\/\/anossaescola.pt\/?page_id=5442"},"modified":"2021-07-20T09:22:02","modified_gmt":"2021-07-20T09:22:02","slug":"projetos","status":"publish","type":"page","link":"https:\/\/anossaescola.pt\/index.php\/projetos\/","title":{"rendered":"Projeto Educativo"},"content":{"rendered":"<p>[vc_row][vc_column][vc_column_text]O Projeto Educativo do Col\u00e9gio A Nossa Escola, tem como principal finalidade contribuir para o desenvolvimento integral e harmonioso dos seus alunos, a n\u00edvel cognitivo, emocional e social, com base em experi\u00eancias de vida democr\u00e1tica, capazes de os preparar para serem cidad\u00e3os conscientes e respons\u00e1veis, como membros da sociedade, numa perspetiva de vida para a cidadania.[\/vc_column_text][\/vc_column][\/vc_row][vc_row full_width=&#8221;stretch_row&#8221; css=&#8221;.vc_custom_1626174751587{background-image: url(https:\/\/anossaescola.pt\/wp-content\/uploads\/2015\/07\/background-two.png?id=5007) !important;}&#8221;][vc_column][vc_column_text]No ensino por n\u00f3s ministrado, seguimos duas grandes duas grandes linhas de orienta\u00e7\u00e3o pedag\u00f3gica:<\/p>\n<ul>\n<li>Orienta\u00e7\u00f5es Curiculares do Minist\u00e9rio da Educa\u00e7\u00e3o para a Educa\u00e7\u00e3o Pr\u00e9-Escolar;<\/li>\n<li>Curr\u00edculo Nacional do Ensino B\u00e1sico-Compet\u00eancias Essenciais, para os alunos do CATL<\/li>\n<\/ul>\n<p><strong>O Projeto Educativo encontra-se dispon\u00edvel para consulta na secretaria<\/strong>[\/vc_column_text][\/vc_column][\/vc_row][vc_row][vc_column][vc_column_text]O Projeto Educativo tra\u00e7a as linhas gerais de orienta\u00e7\u00e3o metodol\u00f3gica e pedag\u00f3gica do Col\u00e9gio e define objetivos pedag\u00f3gicos e meios para os atingir, por forma a optimizar o papel da Institui\u00e7\u00e3o no processo educativo dos alunos, com vista ao seu sucesso escolar. \u00a0Atrav\u00e9s deste documento s\u00e3o estabelecidos\u00a0\u00a0 \u00a0princ\u00edpios, valores e finalidades que norteiam a nossa a\u00e7\u00e3o educativa, \u00a0conseguindo assim refletir o nosso posicionamento pedag\u00f3gico e Identidade de Escola.<\/p>\n<p>Este documento, de planifica\u00e7\u00e3o e orienta\u00e7\u00e3o pedag\u00f3gica, apresenta-se como proposta integral e pretende dirigir coerentemente todo o processo educativo da escola, contando na sua elabora\u00e7\u00e3o com a participa\u00e7\u00e3o de todos os adultos que exercem um papel na educa\u00e7\u00e3o das crian\u00e7as, atrav\u00e9s da articula\u00e7\u00e3o diferentes perspetivas e interesses, com vista a um compromisso comum.<\/p>\n<p>O Projeto Educativo tem de ser trabalhado e desenvolvido com a participa\u00e7\u00e3o e o envolvimento de todos os agentes educativos, por forma a assegurar que todos sintam o Projeto como seu e n\u00e3o como algo imposto, sendo que para isso \u00e9 fundamental contar com toda a participa\u00e7\u00e3o e partilha de responsabilidades, entre docentes, alunos, pais, funcion\u00e1rios, autarquias, associa\u00e7\u00f5es e diferentes iniciativas sociais, econ\u00f3micas e culturais[\/vc_column_text][\/vc_column][\/vc_row][vc_row][vc_column el_id=&#8221;educar&#8221;][vc_empty_space height=&#8221;75px&#8221;]<h2 style=\"color:;\" class=\"  ztl-left \">Educar para o futuro<\/h2>[vc_column_text]O Projeto Educativo do Col\u00e9gio \u201cA Nossa Escola\u201d foi constru\u00eddo com base num grande desafio, que \u00e9 o de consciencializar a Comunidade Educativa para a import\u00e2ncia de uma <strong>educa\u00e7\u00e3o em valores<\/strong>, sensibilizando para a revis\u00e3o de conceitos, atitudes e pr\u00e1ticas concretas do dia-a-dia, podendo assim contribuir para uma melhor qualidade de vida dos seus alunos.<\/p>\n<p>Com este Projeto Educativo, a equipa pedag\u00f3gica pretende levar as crian\u00e7as a adquirir compet\u00eancias capazes de as ajudar a lidar com as adversidades e as constantes mudan\u00e7as no Mundo. Estamos focados em ajudar os nossos alunos a construir refer\u00eancias que lhes permitam compreender o que est\u00e1 certo e errado, o que pode e n\u00e3o pode fazer, os direitos e deveres para consigo e para com os outros, contribuindo assim, para que <strong>as nossas crian\u00e7as de hoje se tornem adultos respons\u00e1veis e felizes no amanh\u00e3.<\/strong><\/p>\n<p>Por ser evidente a progressiva perda de valores morais, que s\u00e3o a base <em>da educa\u00e7\u00e3o de todo o ser humano, e <\/em>para que todos n\u00f3s e as crian\u00e7as que nos est\u00e3o mais pr\u00f3ximas em primeira inst\u00e2ncia possam crescer em harmonia, sabendo respeitar-se a si e aos outros, decidiu a equipa educativa dar maior \u00eanfase a estes conceitos, atrav\u00e9s do tema <strong><em>\u201c<\/em>Educar para o futuro<em>\u201d<\/em><\/strong><\/p>\n<p>Com a escolha do tema pretende-se refor\u00e7ar o conhecimento do mundo e a consciencializa\u00e7\u00e3o social, por forma a estimular a crian\u00e7a na descoberta do eu, do outro e do mundo, levando-a a adotar comportamentos e atitudes que assegurem um maior respeito por si e pelos outros, contribuindo para a sua forma\u00e7\u00e3o pessoal e social, numa perspetiva de educa\u00e7\u00e3o para a cidadania.<\/p>\n<p>[\/vc_column_text][\/vc_column][\/vc_row][vc_row full_width=&#8221;stretch_row&#8221; css=&#8221;.vc_custom_1626174751587{background-image: url(https:\/\/anossaescola.pt\/wp-content\/uploads\/2015\/07\/background-two.png?id=5007) !important;}&#8221;][vc_column][vc_column_text]O Projeto Educativo como documento de planifica\u00e7\u00e3o e orienta\u00e7\u00e3o pedag\u00f3gica, tem de ser trabalhado em articula\u00e7\u00e3o com outros documentos orientadores da escola, nomeadamente:<\/p>\n<ul>\n<li>Regulamento Interno;<\/li>\n<li>Projeto Curricular de Escola;<\/li>\n<li>Projetos Curriculares de Turma.<\/li>\n<\/ul>\n<p>[\/vc_column_text][\/vc_column][\/vc_row]<\/p>\n","protected":false},"excerpt":{"rendered":"<p>[vc_row][vc_column][vc_column_text]O Projeto Educativo do Col\u00e9gio A Nossa Escola, tem como principal finalidade contribuir para o desenvolvimento integral e harmonioso dos seus alunos, a n\u00edvel cognitivo, emocional e social, com base em experi\u00eancias de vida democr\u00e1tica, capazes de os preparar para serem cidad\u00e3os conscientes e respons\u00e1veis, como membros da sociedade, numa perspetiva de vida para a [&hellip;]<\/p>\n","protected":false},"author":1,"featured_media":0,"parent":0,"menu_order":0,"comment_status":"closed","ping_status":"closed","template":"","meta":{"_monsterinsights_skip_tracking":false,"_monsterinsights_sitenote_active":false,"_monsterinsights_sitenote_note":"","_monsterinsights_sitenote_category":0,"footnotes":""},"class_list":["post-5442","page","type-page","status-publish","hentry"],"_links":{"self":[{"href":"https:\/\/anossaescola.pt\/index.php\/wp-json\/wp\/v2\/pages\/5442","targetHints":{"allow":["GET"]}}],"collection":[{"href":"https:\/\/anossaescola.pt\/index.php\/wp-json\/wp\/v2\/pages"}],"about":[{"href":"https:\/\/anossaescola.pt\/index.php\/wp-json\/wp\/v2\/types\/page"}],"author":[{"embeddable":true,"href":"https:\/\/anossaescola.pt\/index.php\/wp-json\/wp\/v2\/users\/1"}],"replies":[{"embeddable":true,"href":"https:\/\/anossaescola.pt\/index.php\/wp-json\/wp\/v2\/comments?post=5442"}],"version-history":[{"count":9,"href":"https:\/\/anossaescola.pt\/index.php\/wp-json\/wp\/v2\/pages\/5442\/revisions"}],"predecessor-version":[{"id":5478,"href":"https:\/\/anossaescola.pt\/index.php\/wp-json\/wp\/v2\/pages\/5442\/revisions\/5478"}],"wp:attachment":[{"href":"https:\/\/anossaescola.pt\/index.php\/wp-json\/wp\/v2\/media?parent=5442"}],"curies":[{"name":"wp","href":"https:\/\/api.w.org\/{rel}","templated":true}]}}