{"id":5433,"date":"2021-07-13T11:00:28","date_gmt":"2021-07-13T11:00:28","guid":{"rendered":"https:\/\/anossaescola.pt\/?page_id=5433"},"modified":"2021-07-19T18:57:46","modified_gmt":"2021-07-19T18:57:46","slug":"catl-e-centro-de-estudo","status":"publish","type":"page","link":"https:\/\/anossaescola.pt\/index.php\/catl-e-centro-de-estudo\/","title":{"rendered":"CATL e Centro de Estudo"},"content":{"rendered":"<p>[vc_row][vc_column width=&#8221;4\/6&#8243;][vc_column_text]O Centro de Atividades de Tempos Livres (CATL) destina-se a crian\u00e7as com idades compreendidas entre os\u00a0\u00a0\u00a0 6 e os 14 anos e tem como principal objetivo apoiar as fam\u00edlias na educa\u00e7\u00e3o dos seus filhos, contribuindo para o enriquecimento do processo educativo e formativo de cada um.[\/vc_column_text][\/vc_column][vc_column width=&#8221;2\/6&#8243;][vc_single_image image=&#8221;5358&#8243; img_size=&#8221;full&#8221;][\/vc_column][\/vc_row][vc_row css=&#8221;.vc_custom_1626173965139{margin-bottom: 60px !important;}&#8221;][vc_column][vc_column_text]O nosso espa\u00e7o educativo est\u00e1 licenciado pela Seguran\u00e7a Social com o Alvar\u00e1 N\u00aa. 36\/2016<strong>, <\/strong>o que implica o cumprimento de regras e requisitos legais, tanto a n\u00edvel f\u00edsico (espa\u00e7os, luminosidade natural, seguran\u00e7a, higiene), assim como a n\u00edvel de recursos humanos com habilita\u00e7\u00e3o acad\u00e9mica adequada.<\/p>\n<p>Os CATL surgem como resposta social de apoio \u00e0s fam\u00edlias, em complementaridade com a escola, tornando-se uma realidade cada vez mais procurada pelas mesmas, em virtude da sua falta de tempo para auxiliar os filhos a n\u00edvel escolar.<\/p>\n<p>No que se refere ao CATL, as actividades comportam duas componentes essenciais: a dinamiza\u00e7\u00e3o da vertente l\u00fadica pedag\u00f3gica (essencialmente nos per\u00edodos de f\u00e9rias escolares) e o apoio escolar<\/p>\n<p>Neste contexto, no que concerne ao apoio escolar, A <strong>NOSSA ESCOLA<\/strong> desempenha um importante papel junto aos alunos de 1\u00ba, 2\u00ba e 3\u00ba ciclos do ensino b\u00e1sico, procurando orient\u00e1-los no apoio ao estudo, na realiza\u00e7\u00e3o dos trabalhos de casa, no esclarecimento de d\u00favidas, na exercita\u00e7\u00e3o de mat\u00e9rias, na prepara\u00e7\u00e3o para testes, provas de aferi\u00e7\u00e3o e exames, usufruindo do apoio dos professores<\/p>\n<p>O Col\u00e9gio A <strong>NOSSA ESCOLA<\/strong> funciona como complemento educativo, tendo como miss\u00e3o refor\u00e7ar o processo de socializa\u00e7\u00e3o da crian\u00e7a e das suas aprendizagens a par da escola. Colaboramos com os encarregados de educa\u00e7\u00e3o no sentido de estabelecer estrat\u00e9gias que visam ajudar os alunos a atingir os seus objetivos, a n\u00edvel pessoal e acad\u00e9mico. Pretende-se, assim, contribuir para a forma\u00e7\u00e3o harmoniosa e integral do aluno (a n\u00edvel cognitivo, emocional e social) e para o seu sucesso escolar.[\/vc_column_text][\/vc_column][\/vc_row][vc_row][vc_column]<h3 style=\"color:;\" class=\"  ztl-left \">INSTALA\u00c7\u00d5ES<\/h3>[vc_empty_space height=&#8221;40px&#8221;][vc_gallery type=&#8221;image_grid&#8221; images=&#8221;5361,5360,5359,5358,5357,5356,5355,5354,5353,5352,5333&#8243;][\/vc_column][\/vc_row]<\/p>\n","protected":false},"excerpt":{"rendered":"<p>[vc_row][vc_column width=&#8221;4\/6&#8243;][vc_column_text]O Centro de Atividades de Tempos Livres (CATL) destina-se a crian\u00e7as com idades compreendidas entre os\u00a0\u00a0\u00a0 6 e os 14 anos e tem como principal objetivo apoiar as fam\u00edlias na educa\u00e7\u00e3o dos seus filhos, contribuindo para o enriquecimento do processo educativo e formativo de cada um.[\/vc_column_text][\/vc_column][vc_column width=&#8221;2\/6&#8243;][vc_single_image image=&#8221;5358&#8243; img_size=&#8221;full&#8221;][\/vc_column][\/vc_row][vc_row css=&#8221;.vc_custom_1626173965139{margin-bottom: 60px !important;}&#8221;][vc_column][vc_column_text]O nosso espa\u00e7o [&hellip;]<\/p>\n","protected":false},"author":1,"featured_media":0,"parent":0,"menu_order":0,"comment_status":"closed","ping_status":"closed","template":"","meta":{"_monsterinsights_skip_tracking":false,"_monsterinsights_sitenote_active":false,"_monsterinsights_sitenote_note":"","_monsterinsights_sitenote_category":0,"footnotes":""},"class_list":["post-5433","page","type-page","status-publish","hentry"],"_links":{"self":[{"href":"https:\/\/anossaescola.pt\/index.php\/wp-json\/wp\/v2\/pages\/5433","targetHints":{"allow":["GET"]}}],"collection":[{"href":"https:\/\/anossaescola.pt\/index.php\/wp-json\/wp\/v2\/pages"}],"about":[{"href":"https:\/\/anossaescola.pt\/index.php\/wp-json\/wp\/v2\/types\/page"}],"author":[{"embeddable":true,"href":"https:\/\/anossaescola.pt\/index.php\/wp-json\/wp\/v2\/users\/1"}],"replies":[{"embeddable":true,"href":"https:\/\/anossaescola.pt\/index.php\/wp-json\/wp\/v2\/comments?post=5433"}],"version-history":[{"count":8,"href":"https:\/\/anossaescola.pt\/index.php\/wp-json\/wp\/v2\/pages\/5433\/revisions"}],"predecessor-version":[{"id":5448,"href":"https:\/\/anossaescola.pt\/index.php\/wp-json\/wp\/v2\/pages\/5433\/revisions\/5448"}],"wp:attachment":[{"href":"https:\/\/anossaescola.pt\/index.php\/wp-json\/wp\/v2\/media?parent=5433"}],"curies":[{"name":"wp","href":"https:\/\/api.w.org\/{rel}","templated":true}]}}