{"id":5169,"date":"2017-05-18T20:05:45","date_gmt":"2017-05-18T20:05:45","guid":{"rendered":"http:\/\/zoutula.com\/themes\/enfant-school\/?page_id=5169"},"modified":"2021-07-19T19:28:58","modified_gmt":"2021-07-19T19:28:58","slug":"contactos","status":"publish","type":"page","link":"https:\/\/anossaescola.pt\/index.php\/contactos\/","title":{"rendered":"Contactos"},"content":{"rendered":"<p>[vc_row css=&#8221;.vc_custom_1435087865321{margin-right: 0px !important;margin-left: 0px !important;}&#8221;][vc_column]<h2 style=\"color:;\" class=\" ztl-accent-font ztl-center ztl-font-normal\">RESERVE O SEU LUGAR<\/h2><p style=\"color:;\" class=\" ztl-main-font ztl-center ztl-font-normal\">Fa\u00e7a j\u00e1 uma pr\u00e9-inscri\u00e7\u00e3o ou contacte-nos em caso de d\u00favida<\/p><div class=\"ztl-divider  center primary \">\r\n                <span style=\"border-color:; \" class=\"circle\">\r\n                    <span style=\"background-color:; \"><\/span>\r\n                    <span style=\"background-color:; \"><\/span>\r\n                <\/span>\r\n            <\/div>[vc_empty_space height=&#8221;60px&#8221;][\/vc_column][\/vc_row][vc_row css=&#8221;.vc_custom_1457029699671{margin-top: 10px !important;margin-bottom: 0px !important;}&#8221; el_class=&#8221;ztl-contact-info&#8221;][vc_column width=&#8221;1\/2&#8243;][vc_row_inner el_class=&#8221;ztl-contact-form&#8221;][vc_column_inner]<div role=\"form\" class=\"wpcf7\" id=\"wpcf7-f3273-o1\" lang=\"en-US\" dir=\"ltr\">\n<div class=\"screen-reader-response\"><p role=\"status\" aria-live=\"polite\" aria-atomic=\"true\"><\/p> <ul><\/ul><\/div>\n<form action=\"\/index.php\/wp-json\/wp\/v2\/pages\/5169#wpcf7-f3273-o1\" method=\"post\" class=\"wpcf7-form init\" novalidate=\"novalidate\" data-status=\"init\">\n<div style=\"display: none;\">\n<input type=\"hidden\" name=\"_wpcf7\" value=\"3273\" \/>\n<input type=\"hidden\" name=\"_wpcf7_version\" value=\"5.4.1\" \/>\n<input type=\"hidden\" name=\"_wpcf7_locale\" value=\"en_US\" \/>\n<input type=\"hidden\" name=\"_wpcf7_unit_tag\" value=\"wpcf7-f3273-o1\" \/>\n<input type=\"hidden\" name=\"_wpcf7_container_post\" value=\"0\" \/>\n<input type=\"hidden\" name=\"_wpcf7_posted_data_hash\" value=\"\" \/>\n<\/div>\n<p><span class=\"wpcf7-form-control-wrap your-name\"><input type=\"text\" name=\"your-name\" value=\"\" size=\"40\" class=\"wpcf7-form-control wpcf7-text wpcf7-validates-as-required\" aria-required=\"true\" aria-invalid=\"false\" placeholder=\"Nome *\" \/><\/span> <\/p>\n<p><span class=\"wpcf7-form-control-wrap your-email\"><input type=\"email\" name=\"your-email\" value=\"\" size=\"40\" class=\"wpcf7-form-control wpcf7-text wpcf7-email wpcf7-validates-as-required wpcf7-validates-as-email\" aria-required=\"true\" aria-invalid=\"false\" placeholder=\"Email *\" \/><\/span> <\/p>\n<p><span class=\"wpcf7-form-control-wrap your-subject\"><input type=\"text\" name=\"your-subject\" value=\"\" size=\"40\" class=\"wpcf7-form-control wpcf7-text\" aria-invalid=\"false\" placeholder=\"Assunto\" \/><\/span><\/p>\n<p> <span class=\"wpcf7-form-control-wrap your-message\"><textarea name=\"your-message\" cols=\"40\" rows=\"10\" class=\"wpcf7-form-control wpcf7-textarea wpcf7-validates-as-required\" aria-required=\"true\" aria-invalid=\"false\" placeholder=\"Mensagem *\"><\/textarea><\/span> <\/p>\n<div class=\"ztl-button-three\"><button type=\"submit\">Enviar Mensagem<\/button><\/div>\n<div class=\"wpcf7-response-output\" aria-hidden=\"true\"><\/div><\/form><\/div>[\/vc_column_inner][\/vc_row_inner][vc_empty_space height=&#8221;40px&#8221;][\/vc_column][vc_column width=&#8221;1\/2&#8243;][vc_row_inner][vc_column_inner width=&#8221;1\/2&#8243; css=&#8221;.vc_custom_1492615485494{margin-bottom: 40px !important;}&#8221;][vc_icon type=&#8221;fontawesome&#8221; icon_fontawesome=&#8221;fas fa-map-marker-alt&#8221; color=&#8221;custom&#8221; background_style=&#8221;rounded&#8221; background_color=&#8221;custom&#8221; size=&#8221;ztl-lg&#8221; align=&#8221;center&#8221; custom_color=&#8221;#ffffff&#8221; css=&#8221;.vc_custom_1626082020043{margin-top: 0px !important;margin-right: 0px !important;margin-bottom: 0px !important;margin-left: 0px !important;padding-top: 0px !important;padding-right: 0px !important;padding-bottom: 0px !important;padding-left: 0px !important;}&#8221; custom_background_color=&#8221;#ff4e31&#8243;][vc_empty_space height=&#8221;20px&#8221;]<h5 style=\"color:;line-height:1.3;\" class=\" ztl-accent-font ztl-center ztl-font-normal\">MORADA<\/h5>[vc_empty_space height=&#8221;10px&#8221;][vc_column_text]<\/p>\n<p style=\"text-align: center;\">Rua Jo\u00e3o Maria<br \/>\nMagalh\u00e3es Ferraz, n\u00ba 5<\/p>\n<p style=\"text-align: center;\">2725-338 Mem Martins<\/p>\n<p>[\/vc_column_text][\/vc_column_inner][vc_column_inner width=&#8221;1\/2&#8243; css=&#8221;.vc_custom_1492615493786{margin-bottom: 40px !important;}&#8221;][vc_icon type=&#8221;fontawesome&#8221; icon_fontawesome=&#8221;fas fa-phone-alt&#8221; color=&#8221;custom&#8221; background_style=&#8221;rounded&#8221; background_color=&#8221;custom&#8221; size=&#8221;ztl-lg&#8221; align=&#8221;center&#8221; custom_color=&#8221;#ffffff&#8221; css=&#8221;.vc_custom_1626081975593{margin-top: 0px !important;margin-right: 0px !important;margin-bottom: 0px !important;margin-left: 0px !important;padding-top: 0px !important;padding-right: 0px !important;padding-bottom: 0px !important;padding-left: 0px !important;}&#8221; custom_background_color=&#8221;#002749&#8243;][vc_empty_space height=&#8221;20px&#8221;]<h5 style=\"color:;line-height:1.3;\" class=\" ztl-accent-font ztl-center ztl-font-normal\">TELEFONE<\/h5>[vc_empty_space height=&#8221;10px&#8221;][vc_column_text]<\/p>\n<p style=\"text-align: center;\">21 926 0176<\/p>\n<p style=\"text-align: center;\">913 242 001<\/p>\n<p>[\/vc_column_text][\/vc_column_inner][\/vc_row_inner][vc_row_inner][vc_column_inner width=&#8221;1\/2&#8243; css=&#8221;.vc_custom_1492615509840{margin-bottom: 40px !important;}&#8221;][vc_icon type=&#8221;fontawesome&#8221; icon_fontawesome=&#8221;far fa-clock&#8221; color=&#8221;custom&#8221; background_style=&#8221;rounded&#8221; background_color=&#8221;custom&#8221; size=&#8221;ztl-lg&#8221; align=&#8221;center&#8221; custom_color=&#8221;#ffffff&#8221; css=&#8221;.vc_custom_1626081997860{margin-top: 0px !important;margin-right: 0px !important;margin-bottom: 0px !important;margin-left: 0px !important;padding-top: 0px !important;padding-right: 0px !important;padding-bottom: 0px !important;padding-left: 0px !important;}&#8221; custom_background_color=&#8221;#002749&#8243;][vc_empty_space height=&#8221;20px&#8221;]<h5 style=\"color:;line-height:1.3;\" class=\" ztl-accent-font ztl-center ztl-font-normal\">HOR\u00c1RIO<\/h5>[vc_empty_space height=&#8221;10px&#8221;][vc_column_text]<\/p>\n<p style=\"text-align: center;\">Segunda &#8211; Sexta,<br \/>\n07h00 \u2013 19h30<br \/>\nFechado ao fim de semana<\/p>\n<p>[\/vc_column_text][\/vc_column_inner][vc_column_inner width=&#8221;1\/2&#8243; css=&#8221;.vc_custom_1492615518177{margin-bottom: 40px !important;}&#8221;][vc_icon type=&#8221;fontawesome&#8221; icon_fontawesome=&#8221;fas fa-envelope-open-text&#8221; color=&#8221;custom&#8221; background_style=&#8221;rounded&#8221; background_color=&#8221;custom&#8221; size=&#8221;ztl-lg&#8221; align=&#8221;center&#8221; custom_color=&#8221;#ffffff&#8221; css=&#8221;.vc_custom_1626081954373{margin-top: 0px !important;margin-right: 0px !important;margin-bottom: 0px !important;margin-left: 0px !important;padding-top: 0px !important;padding-right: 0px !important;padding-bottom: 0px !important;padding-left: 0px !important;}&#8221; custom_background_color=&#8221;#ff4e31&#8243;][vc_empty_space height=&#8221;20px&#8221;]<h5 style=\"color:;line-height:1.3;\" class=\" ztl-accent-font ztl-center ztl-font-normal\">EMAIL<\/h5>[vc_empty_space height=&#8221;10px&#8221;][vc_column_text]<\/p>\n<p style=\"text-align: center;\">geral@anossaescola.pt<\/p>\n<p>[\/vc_column_text][\/vc_column_inner][\/vc_row_inner][\/vc_column][\/vc_row][vc_row][vc_column][vc_empty_space height=&#8221;40px&#8221;][\/vc_column][\/vc_row][vc_row full_width=&#8221;stretch_row_content_no_spaces&#8221;][vc_column css=&#8221;.vc_custom_1492616428682{padding: 0px !important;}&#8221;]\r\n        <div class=\"ztl_map_canvas\" id=\"ztl_map_6a095c7f5d582\"\r\n             style=\"height:400px; width:100%;\"><\/div>\r\n             \r\n        \r\n            <script type=\"text\/javascript\">\r\n\t\t\t(function($){\r\n                \"use strict\";\r\n                var map;\r\n                var mapId = \"ztl_map_6a095c7f5d582\";\r\n                \r\n                function initialize() {\r\n\t\t    \t\tvar featureOpts = [{\"stylers\":[{\"saturation\":\"-100\"}]},{\"featureType\":\"road\",\"elementType\":\"geometry\",\"stylers\":[{\"visibility\":\"simplified\"},{\"color\":\"#ff6d50\"}]},{\"featureType\":\"road\",\"elementType\":\"labels.text.stroke\",\"stylers\":[{\"color\":\"#FFFFFF\"}]},{\"featureType\":\"water\",\"elementType\":\"geometry\",\"stylers\":[{\"color\":\"#365379\"}]},{\"featureType\":\"poi\",\"elementType\":\"labels\",\"stylers\":[{\"visibility\":\"off\"}]},{\"featureType\":\"road\",\"elementType\":\"labels.text.fill\",\"stylers\":[{\"color\":\"#545454\"}]},{\"featureType\":\"water\",\"elementType\":\"labels\",\"stylers\":[{\"visibility\":\"off\"}]},{\"featureType\":\"landscape.man_made\",\"stylers\":[{\"color\":\"#F5F5F5\"}]},{\"featureType\":\"landscape.natural\",\"stylers\":[{\"color\":\"#F5F5F5\"}]},{\"featureType\":\"poi\",\"stylers\":[{\"color\":\"#E8E8E8\"}]}];\r\n\t\t\t\t\t\t\t\t\t\r\n\t\t\t\t\tvar mapOptions = {\r\n\t\t\t\t\t\tzoom: 16,\r\n                        center: new google.maps.LatLng(38.79714970628316, -9.351566479904552),\r\n                        mapTypeId: mapId,\r\n                        streetViewControl: false,\r\n                        mapTypeControl: false,\r\n                        panControl: false,\r\n                        zoomControl: 1,\r\n                        scrollwheel: 0,\r\n                        draggable:false,\r\n                    };\r\n                    \r\n                    map = new google.maps.Map(document.getElementById(\"ztl_map_6a095c7f5d582\"), mapOptions);\r\n                    var customMapType = new google.maps.StyledMapType(featureOpts);\r\n                    map.mapTypes.set(mapId, customMapType);\r\n                   \r\n                    \r\n                    var image = {\r\n                        url: \"https:\/\/anossaescola.pt\/wp-content\/uploads\/2017\/04\/pin_school_7.png\",\r\n                        \/\/ This marker is 64 pixels wide by 64 pixels high.\r\n                        scaledSize: new google.maps.Size(128, 128),\r\n                        \/\/ The origin for this image is (0, 0).\r\n                        origin: new google.maps.Point(0, 0),\r\n                        \/\/ The anchor for this image is the base of the flagpole at (0, 32).\r\n                        anchor: new google.maps.Point(64, 64)\r\n                      };\r\n                    \r\n                    \/\/add custom marker\r\n                    var marker = new google.maps.Marker({\r\n                        position: map.getCenter(),\r\n                        map: map,\r\n                        icon: image\r\n                    });\r\n                    \r\n               \r\n                    \r\n                    google.maps.event.addDomListener(window, \"resize\", function() {\r\n                        map.setCenter(mapOptions.center);\r\n                    });\r\n                    \r\n                    }\r\n                    \/\/document ready\r\n                    $(function() {\r\n                        google.maps.event.addDomListener(window, \"load\", initialize);\r\n                    });\r\n                \r\n                }(jQuery));\r\n                <\/script>[\/vc_column][\/vc_row]<\/p>\n","protected":false},"excerpt":{"rendered":"<p>[vc_row css=&#8221;.vc_custom_1435087865321{margin-right: 0px !important;margin-left: 0px !important;}&#8221;][vc_column][vc_empty_space height=&#8221;60px&#8221;][\/vc_column][\/vc_row][vc_row css=&#8221;.vc_custom_1457029699671{margin-top: 10px !important;margin-bottom: 0px !important;}&#8221; el_class=&#8221;ztl-contact-info&#8221;][vc_column width=&#8221;1\/2&#8243;][vc_row_inner el_class=&#8221;ztl-contact-form&#8221;][vc_column_inner][\/vc_column_inner][\/vc_row_inner][vc_empty_space height=&#8221;40px&#8221;][\/vc_column][vc_column width=&#8221;1\/2&#8243;][vc_row_inner][vc_column_inner width=&#8221;1\/2&#8243; css=&#8221;.vc_custom_1492615485494{margin-bottom: 40px !important;}&#8221;][vc_icon type=&#8221;fontawesome&#8221; icon_fontawesome=&#8221;fas fa-map-marker-alt&#8221; color=&#8221;custom&#8221; background_style=&#8221;rounded&#8221; background_color=&#8221;custom&#8221; size=&#8221;ztl-lg&#8221; align=&#8221;center&#8221; custom_color=&#8221;#ffffff&#8221; css=&#8221;.vc_custom_1626082020043{margin-top: 0px !important;margin-right: 0px !important;margin-bottom: 0px !important;margin-left: 0px !important;padding-top: 0px !important;padding-right: 0px !important;padding-bottom: 0px !important;padding-left: 0px !important;}&#8221; custom_background_color=&#8221;#ff4e31&#8243;][vc_empty_space height=&#8221;20px&#8221;][vc_empty_space height=&#8221;10px&#8221;][vc_column_text] Rua Jo\u00e3o Maria Magalh\u00e3es Ferraz, [&hellip;]<\/p>\n","protected":false},"author":1,"featured_media":3694,"parent":0,"menu_order":0,"comment_status":"closed","ping_status":"closed","template":"","meta":{"_monsterinsights_skip_tracking":false,"_monsterinsights_sitenote_active":false,"_monsterinsights_sitenote_note":"","_monsterinsights_sitenote_category":0,"footnotes":""},"class_list":["post-5169","page","type-page","status-publish","has-post-thumbnail","hentry"],"_links":{"self":[{"href":"https:\/\/anossaescola.pt\/index.php\/wp-json\/wp\/v2\/pages\/5169","targetHints":{"allow":["GET"]}}],"collection":[{"href":"https:\/\/anossaescola.pt\/index.php\/wp-json\/wp\/v2\/pages"}],"about":[{"href":"https:\/\/anossaescola.pt\/index.php\/wp-json\/wp\/v2\/types\/page"}],"author":[{"embeddable":true,"href":"https:\/\/anossaescola.pt\/index.php\/wp-json\/wp\/v2\/users\/1"}],"replies":[{"embeddable":true,"href":"https:\/\/anossaescola.pt\/index.php\/wp-json\/wp\/v2\/comments?post=5169"}],"version-history":[{"count":12,"href":"https:\/\/anossaescola.pt\/index.php\/wp-json\/wp\/v2\/pages\/5169\/revisions"}],"predecessor-version":[{"id":5407,"href":"https:\/\/anossaescola.pt\/index.php\/wp-json\/wp\/v2\/pages\/5169\/revisions\/5407"}],"wp:featuredmedia":[{"embeddable":true,"href":"https:\/\/anossaescola.pt\/index.php\/wp-json\/wp\/v2\/media\/3694"}],"wp:attachment":[{"href":"https:\/\/anossaescola.pt\/index.php\/wp-json\/wp\/v2\/media?parent=5169"}],"curies":[{"name":"wp","href":"https:\/\/api.w.org\/{rel}","templated":true}]}}