{"id":434,"date":"2015-07-07T20:55:52","date_gmt":"2015-07-07T20:55:52","guid":{"rendered":"http:\/\/zoutula.com\/themes\/kiddie\/?page_id=434"},"modified":"2021-07-19T19:15:17","modified_gmt":"2021-07-19T19:15:17","slug":"sobre-nos","status":"publish","type":"page","link":"https:\/\/anossaescola.pt\/index.php\/sobre-nos\/","title":{"rendered":"Sobre N\u00f3s"},"content":{"rendered":"<p>[vc_row][vc_column]<h2 style=\"color:;\" class=\" ztl-accent-font ztl-center ztl-font-normal\">A NOSSA ESCOLA<\/h2><p style=\"color:;\" class=\" ztl-main-font ztl-center ztl-font-normal\">H\u00e1 25 anos a educar<\/p><div class=\"ztl-divider  center primary \">\r\n                <span style=\"border-color:; \" class=\"circle\">\r\n                    <span style=\"background-color:; \"><\/span>\r\n                    <span style=\"background-color:; \"><\/span>\r\n                <\/span>\r\n            <\/div>[\/vc_column][\/vc_row][vc_row 0=&#8221;&#8221;][vc_column width=&#8221;1\/2&#8243; el_id=&#8221;sobre-nos&#8221;][vc_empty_space height=&#8221;120px&#8221;]<h3 style=\"color:;\" class=\"ztl-mobile-center ztl-accent-font ztl-left ztl-font-normal\">A NOSSA HIST\u00d3RIA<\/h3><h4 style=\"color:;line-height:1.3;\" class=\"ztl-mobile-center ztl-main-font ztl-left ztl-font-light\">A EDUCAR DESDE 1996<\/h4>[vc_empty_space height=&#8221;30px&#8221;][vc_column_text 0=&#8221;&#8221;]O Col\u00e9gio <strong>A NOSSA ESCOLA<\/strong> existe desde 1996 e situa-se em Mem Martins, na Rua Jo\u00e3o Maria Magalh\u00e3es Ferraz, n\u00ba 5.<\/p>\n<p>Somos um estabelecimento de ensino particular de educa\u00e7\u00e3o que recebe crian\u00e7as dos 3 aos 5 anos de idade (Jardim de Inf\u00e2ncia) e dos 6 aos 14 anos (CATL e Salas de Estudo).<\/p>\n<p>H\u00e1 25 anos a educar, o Col\u00e9gio <strong>A NOSSA ESCOLA<\/strong> est\u00e1 focado no desenvolvimento de todos os seus alunos, procurando acompanhar as v\u00e1rias etapas do seu crescimento e contribuir para o seu desenvolvimento integral e harmonioso, a n\u00edvel f\u00edsico, emocional, moral, social e intelectual, tornando-os cidad\u00e3os conscientes e respons\u00e1veis com vista \u00e0 prepara\u00e7\u00e3o para uma melhor integra\u00e7\u00e3o na sociedade.<\/p>\n<p>O CATL para alunos do 1\u00ba, 2\u00ba e 3\u00ba ciclos, representa uma vertente fundamental, em regime de complementaridade com a escola. Ajudamos na realiza\u00e7\u00e3o dos trabalhos de casa, no esclarecimento de d\u00favidas, na exercita\u00e7\u00e3o de mat\u00e9rias, na prepara\u00e7\u00e3o para testes, provas de aferi\u00e7\u00e3o e exames, usufruindo do apoio dos professores.<\/p>\n<p>O Col\u00e9gio est\u00e1 aberto todo o ano, das 7H00 \u00e0s 19H30, \u00e0 exce\u00e7\u00e3o dos feriados nacionais e municipal, dos dias 24 e 31 de dezembro e ter\u00e7a-feira de Carnaval.[\/vc_column_text][\/vc_column][vc_column width=&#8221;1\/2&#8243;]<h3 style=\"color:;\" class=\"ztl-mobile-center ztl-accent-font ztl-left ztl-font-normal\">Col\u00e9gio<\/h3>[vc_empty_space height=&#8221;20px&#8221;][vc_column_text 0=&#8221;&#8221;]<\/p>\n<h3>Jardim de Inf\u00e2ncia (pr\u00e9-escolar)<\/h3>\n<p>A educa\u00e7\u00e3o pr\u00e9-escolar \u00e9 a primeira etapa da educa\u00e7\u00e3o b\u00e1sica no processo de educa\u00e7\u00e3o ao longo da vida e destina-se a crian\u00e7as entre os 3 e os 5 anos de idade. Durante este per\u00edodo a crian\u00e7a est\u00e1 mais ativa no despertar para o mundo que a rodeia e para a cultura, apresentando um ritmo de aprendizagem r\u00e1pido no que diz respeito ao comportamento e \u00e0s rela\u00e7\u00f5es sociais.<\/p>\n<p>&nbsp;<\/p>\n<h3>Centro de Atividades de Tempos Livres\/ Salas de Estudo<\/h3>\n<p>O Centro de Atividades de Tempos Livres (CATL) destina-se a crian\u00e7as com idades compreendidas entre os\u00a0\u00a0\u00a0 6 e os 14 anos e tem como principal objetivo apoiar as fam\u00edlias na educa\u00e7\u00e3o dos seus filhos, contribuindo para o enriquecimento do processo educativo e formativo de cada um.[\/vc_column_text][vc_empty_space height=&#8221;40px&#8221;][\/vc_column][\/vc_row][vc_row][vc_column el_id=&#8221;missao&#8221;][vc_empty_space height=&#8221;120px&#8221;]<h3 style=\"color:;\" class=\"ztl-mobile-center ztl-accent-font ztl-left ztl-font-normal\">MISS\u00c3O EDUCATIVA<\/h3><h4 style=\"color:;line-height:1.3;\" class=\"ztl-mobile-center ztl-main-font ztl-left ztl-font-light\">QUE AS NOSSAS CRIAN\u00c7AS DE HOJE SE TORNEM ADULTOS RESPONS\u00c1VEIS E FELIZES NO AMANH\u00c3<\/h4>[vc_empty_space height=&#8221;30px&#8221;][vc_column_text]A <strong>EDUCA\u00c7\u00c3O<\/strong> representa um processo cont\u00ednuo de aprendizagem, na medida em que \u00e9 respons\u00e1vel pela transmiss\u00e3o de valores culturais, pelo desenvolvimento e concretiza\u00e7\u00e3o das potencialidades existentes no indiv\u00edduo, constituindo assim, um bem essencial e um direito humano de primeira grandeza no processo de socializa\u00e7\u00e3o do indiv\u00edduo e na sua plena integra\u00e7\u00e3o na sociedade.<\/p>\n<p>Neste contexto o col\u00e9gio <strong>A NOSSA ESCOLA<\/strong> tem um papel de ineg\u00e1vel import\u00e2ncia em todo o processo de educa\u00e7\u00e3o, estando organizado e estruturado por forma a garantir a todos os seus alunos um ambiente educativo est\u00e1vel, facilitador e motivador, capaz de estimular as suas capacidades, formas de express\u00e3o, comunica\u00e7\u00e3o, curiosidade e sentido est\u00e9tico num processo cont\u00ednuo de aprendizagem e tendo em vista o alcance do seu sucesso escolar.<\/p>\n<p>&nbsp;<\/p>\n<p>Focamo-nos no desenvolvimento dos nossos alunos, tentando assegurar um ambiente educativo harmonioso e equilibrado, onde predomine o bem-estar e a seguran\u00e7a, por forma a garantir que cada crian\u00e7a ao sentir-se aceite, ouvida e valorizada, tem condi\u00e7\u00f5es para <strong>CRESCER FELIZ<\/strong>, enriquecendo assim a sua auto-estima e consequente motiva\u00e7\u00e3o para aprender.<\/p>\n<p>&nbsp;<\/p>\n<p>Conscientes da nossa <strong>MISS\u00c3O, <\/strong>apostamos numa aut\u00eantica educa\u00e7\u00e3o, atrav\u00e9s de um processo ensino-aprendizagem eficaz e assente em estrat\u00e9gias educativas adequadas \u00e0s reais necessidades e caracter\u00edsticas dos alunos, com base no respeito pelos seus diferentes ritmos, capacidades e estilos de aprendizagem, visando potenciar as suas compet\u00eancias e contribuir para o seu desenvolvimento integral e harmonioso a n\u00edvel cognitivo, emocional e social preparando-os para serem cidad\u00e3os conscientes e respons\u00e1veis, numa perspetiva de vida para a cidadania.[\/vc_column_text][\/vc_column][\/vc_row][vc_row full_width=&#8221;stretch_row&#8221; css=&#8221;.vc_custom_1625841586507{background-color: #0091d5 !important;}&#8221;][vc_column css=&#8221;.vc_custom_1497086880506{margin-top: 0px !important;margin-right: 0px !important;margin-bottom: 0px !important;margin-left: 0px !important;padding-top: 0px !important;padding-bottom: 0px !important;}&#8221;]<div class=\"ztl-announcement  \">\r\n            <div class=\"row table-row\">\r\n                <div class=\"ztl-col col-lg-9 col-md-9 col-sm-9 col-xs-12 \">\r\n                    <div class=\"ztl-flex ztl-mobile-container\">\r\n                        <div class=\"ztl-icon left\" style=\"background-color:#ffffff\">\r\n                            <span class=\"flaticon-paper-plane\" style=\"color:#f49200\"><\/span>\r\n                        <\/div>\r\n                        <div class=\"content\" style=\"color:#ffffff\">\r\n                            <div class=\"line-1\">\r\n                                <h3>TEM D\u00daVIDAS?<\/h3>\r\n                            <\/div>\r\n                            <div class=\"line-2\">\r\n                             Contacte-nos! Teremos todo o gosto em ajudar\r\n                            <\/div>\r\n                        <\/div>\r\n                    <\/div>\r\n                <\/div>\r\n                <div class=\"ztl-action ztl-col col-lg-3 col-md-3 col-sm-3 col-xs-12 \">\r\n                    <div class=\"ztl-button-two\"><a href=\"\" target=\"_self\">CONTACTE-NOS<\/a><\/div>\r\n                <\/div>\r\n            <\/div>\r\n\t<\/div>[\/vc_column][\/vc_row][vc_row][vc_column el_id=&#8221;instalacoes&#8221;][vc_empty_space height=&#8221;120px&#8221;]<h3 style=\"color:;\" class=\"ztl-mobile-center ztl-accent-font ztl-left ztl-font-normal\">INSTALA\u00c7\u00d5ES<\/h3>[vc_empty_space height=&#8221;60px&#8221;][vc_gallery type=&#8221;image_grid&#8221; images=&#8221;5361,5360,5359,5358,5357,5356,5355,5354,5346,5347,5348,5349,5350,5351,5352,5353,5345,5344,5343,5342,5341,5340,5339,5338,5331,5332,5334,5333,5335,5336,5337&#8243;][\/vc_column][\/vc_row]<\/p>\n","protected":false},"excerpt":{"rendered":"<p>[vc_row][vc_column][\/vc_column][\/vc_row][vc_row 0=&#8221;&#8221;][vc_column width=&#8221;1\/2&#8243; el_id=&#8221;sobre-nos&#8221;][vc_empty_space height=&#8221;120px&#8221;][vc_empty_space height=&#8221;30px&#8221;][vc_column_text 0=&#8221;&#8221;]O Col\u00e9gio A NOSSA ESCOLA existe desde 1996 e situa-se em Mem Martins, na Rua Jo\u00e3o Maria Magalh\u00e3es Ferraz, n\u00ba 5. Somos um estabelecimento de ensino particular de educa\u00e7\u00e3o que recebe crian\u00e7as dos 3 aos 5 anos de idade (Jardim de Inf\u00e2ncia) e dos 6 aos 14 anos (CATL [&hellip;]<\/p>\n","protected":false},"author":1,"featured_media":0,"parent":0,"menu_order":0,"comment_status":"closed","ping_status":"open","template":"","meta":{"_monsterinsights_skip_tracking":false,"_monsterinsights_sitenote_active":false,"_monsterinsights_sitenote_note":"","_monsterinsights_sitenote_category":0,"footnotes":""},"class_list":["post-434","page","type-page","status-publish","hentry"],"_links":{"self":[{"href":"https:\/\/anossaescola.pt\/index.php\/wp-json\/wp\/v2\/pages\/434","targetHints":{"allow":["GET"]}}],"collection":[{"href":"https:\/\/anossaescola.pt\/index.php\/wp-json\/wp\/v2\/pages"}],"about":[{"href":"https:\/\/anossaescola.pt\/index.php\/wp-json\/wp\/v2\/types\/page"}],"author":[{"embeddable":true,"href":"https:\/\/anossaescola.pt\/index.php\/wp-json\/wp\/v2\/users\/1"}],"replies":[{"embeddable":true,"href":"https:\/\/anossaescola.pt\/index.php\/wp-json\/wp\/v2\/comments?post=434"}],"version-history":[{"count":19,"href":"https:\/\/anossaescola.pt\/index.php\/wp-json\/wp\/v2\/pages\/434\/revisions"}],"predecessor-version":[{"id":5463,"href":"https:\/\/anossaescola.pt\/index.php\/wp-json\/wp\/v2\/pages\/434\/revisions\/5463"}],"wp:attachment":[{"href":"https:\/\/anossaescola.pt\/index.php\/wp-json\/wp\/v2\/media?parent=434"}],"curies":[{"name":"wp","href":"https:\/\/api.w.org\/{rel}","templated":true}]}}