{"id":3359,"date":"2014-12-24T20:11:07","date_gmt":"2014-12-24T20:11:07","guid":{"rendered":"http:\/\/zoutula.com\/themes\/kiddie\/?page_id=7"},"modified":"2021-07-20T09:47:31","modified_gmt":"2021-07-20T09:47:31","slug":"home","status":"publish","type":"page","link":"https:\/\/anossaescola.pt\/","title":{"rendered":"In\u00edcio"},"content":{"rendered":"<p>[vc_row full_width=&#8221;stretch_row_content_no_spaces&#8221;][vc_column 0=&#8221;&#8221;]\n\t\t\t<!-- START Enfant REVOLUTION SLIDER 6.5.2 --><p class=\"rs-p-wp-fix\"><\/p>\n\t\t\t<rs-module-wrap id=\"rev_slider_1_1_wrapper\" data-source=\"gallery\" style=\"visibility:hidden;background:transparent;padding:0;margin:0px auto;margin-top:0;margin-bottom:0;\">\n\t\t\t\t<rs-module id=\"rev_slider_1_1\" style=\"\" data-version=\"6.5.2\">\n\t\t\t\t\t<rs-slides>\n\t\t\t\t\t\t<rs-slide data-key=\"rs-1\" data-title=\"Slide\" data-in=\"o:0;\" data-out=\"a:false;\">\n\t\t\t\t\t\t\t<img decoding=\"async\" src=\"\/\/anossaescola.pt\/wp-content\/plugins\/revslider\/public\/assets\/assets\/dummy.png\" title=\"In\u00edcio\" class=\"rev-slidebg tp-rs-img rs-lazyload\" data-lazyload=\"\/\/anossaescola.pt\/wp-content\/uploads\/2016\/10\/slide_min_1.jpg\" data-parallax=\"5\" data-panzoom=\"d:10000;e:power0.in;ss:100;se:110;\" data-no-retina>\n<!--\n\t\t\t\t\t\t\t--><rs-layer\n\t\t\t\t\t\t\t\tid=\"slider-1-slide-1-layer-7\" \n\t\t\t\t\t\t\t\tdata-type=\"text\"\n\t\t\t\t\t\t\t\tdata-color=\"#ffffff\"\n\t\t\t\t\t\t\t\tdata-rsp_ch=\"on\"\n\t\t\t\t\t\t\t\tdata-xy=\"x:100px;y:100px;\"\n\t\t\t\t\t\t\t\tdata-text=\"l:22;a:inherit;\"\n\t\t\t\t\t\t\t\tdata-frame_999=\"o:0;st:w;sR:8700;\"\n\t\t\t\t\t\t\t\tstyle=\"z-index:5;font-family:Open Sans;\"\n\t\t\t\t\t\t\t> \n\t\t\t\t\t\t\t<\/rs-layer><!--\n\n\t\t\t\t\t\t\t--><rs-layer\n\t\t\t\t\t\t\t\tid=\"slider-1-slide-1-layer-8\" \n\t\t\t\t\t\t\t\tdata-type=\"text\"\n\t\t\t\t\t\t\t\tdata-color=\"#ffffff\"\n\t\t\t\t\t\t\t\tdata-xy=\"x:30px;y:c;\"\n\t\t\t\t\t\t\t\tdata-text=\"l:22;a:inherit;\"\n\t\t\t\t\t\t\t\tdata-rsp_bd=\"off\"\n\t\t\t\t\t\t\t\tdata-frame_999=\"o:0;st:w;sR:8700;\"\n\t\t\t\t\t\t\t\tstyle=\"z-index:6;font-family:Open Sans;\"\n\t\t\t\t\t\t\t><div>\n<span class=\"headingOne\">A NOSSA ESCOLA<\/span>\n<br\/><br\/>\n<span class=\"headingTwo\">A EDUCAR H\u00c1\n<strong>25 anos<strong><\/span>\n<\/div>\n<br\/>\n<div class=\"ztl-button-four hideButtonUnder768\"><a href=\"https:\/\/anossaescola.pt\/index.php\/contactos\/\" target=\"_self\">CONTACTAR AGORA<\/a><\/div> \n\t\t\t\t\t\t\t<\/rs-layer><!--\n-->\t\t\t\t\t\t<\/rs-slide>\n\t\t\t\t\t<\/rs-slides>\n\t\t\t\t<\/rs-module>\n\t\t\t\t<script type=\"text\/javascript\">\n\t\t\t\t\tsetREVStartSize({c: 'rev_slider_1_1',rl:[1240,1024,778,480],el:[600],gw:[1100],gh:[600],type:'standard',justify:'',layout:'fullwidth',mh:\"600\"});\n\t\t\t\t<\/script>\n\t\t\t<\/rs-module-wrap>\n\t\t\t<!-- END REVOLUTION SLIDER -->\n[\/vc_column][\/vc_row][vc_row full_width=&#8221;stretch_row&#8221; css=&#8221;.vc_custom_1626170721097{background-color: #0091d5 !important;}&#8221; el_class=&#8221;blue-background&#8221;][vc_column css=&#8221;.vc_custom_1626170465013{margin-top: 0px !important;padding-top: 0px !important;background-color: #0091d5 !important;}&#8221;]<div class=\"ztl-announcement  \">\r\n            <div class=\"row table-row\">\r\n                <div class=\"ztl-col col-lg-9 col-md-9 col-sm-9 col-xs-12 \">\r\n                    <div class=\"ztl-flex ztl-mobile-container\">\r\n                        <div class=\"ztl-icon left\" style=\"background-color:#ffffff\">\r\n                            <span class=\"flaticon-board\" style=\"color:#ff4e31\"><\/span>\r\n                        <\/div>\r\n                        <div class=\"content\" style=\"color:#ffffff\">\r\n                            <div class=\"line-1\">\r\n                                <h3>PR\u00c9-INSCRI\u00c7\u00c3O<\/h3>\r\n                            <\/div>\r\n                            <div class=\"line-2\">\r\n                             Que as nossas crian\u00e7as de hoje se tornem nos adultos respons\u00e1veis de amanh\u00e3\r\n                            <\/div>\r\n                        <\/div>\r\n                    <\/div>\r\n                <\/div>\r\n                <div class=\"ztl-action ztl-col col-lg-3 col-md-3 col-sm-3 col-xs-12 \">\r\n                    <div class=\"ztl-button-two\"><a href=\"https:\/\/anossaescola.pt\/index.php\/contactos\/\" target=\"_self\">PR\u00c9-INSCREVER AGORA<\/a><\/div>\r\n                <\/div>\r\n            <\/div>\r\n\t<\/div>[\/vc_column][\/vc_row][vc_section 0=&#8221;&#8221;][vc_row 0=&#8221;&#8221;][vc_column 0=&#8221;&#8221;][vc_empty_space height=&#8221;50px&#8221;]<h2 style=\"color:;\" class=\" ztl-accent-font ztl-center ztl-font-normal\">O COL\u00c9GIO<\/h2><p style=\"color:;\" class=\" ztl-main-font ztl-center ztl-font-normal\">Educar para o futuro<\/p><div class=\"ztl-divider  center primary \">\r\n                <span style=\"border-color:; \" class=\"circle\">\r\n                    <span style=\"background-color:; \"><\/span>\r\n                    <span style=\"background-color:; \"><\/span>\r\n                <\/span>\r\n            <\/div>[vc_empty_space height=&#8221;60px&#8221;][\/vc_column][\/vc_row][vc_row full_width=&#8221;stretch_row&#8221; css=&#8221;.vc_custom_1626080067350{margin-bottom: 50px !important;}&#8221;][vc_column width=&#8221;1\/3&#8243; el_class=&#8221;ztl-mobile-container&#8221;]<h3 style=\"color:;\" class=\"ztl-mobile-center ztl-accent-font ztl-left ztl-font-normal\">A NOSSA ESCOLA<\/h3>[vc_empty_space height=&#8221;40px&#8221;][vc_column_text 0=&#8221;&#8221;]H\u00e1 25 anos a educar, o Col\u00e9gio <strong>A NOSSA ESCOLA<\/strong> est\u00e1 focado no desenvolvimento de todos os seus alunos, procurando acompanhar as v\u00e1rias etapas do seu crescimento e contribuir para o seu desenvolvimento integral e harmonioso, a n\u00edvel f\u00edsico, emocional, moral, social e intelectual, tornando-os cidad\u00e3os conscientes e respons\u00e1veis com vista \u00e0 prepara\u00e7\u00e3o para uma melhor integra\u00e7\u00e3o na sociedade.[\/vc_column_text][vc_btn title=&#8221;CONTINUAR A LER&#8221; style=&#8221;outline&#8221; shape=&#8221;round&#8221; color=&#8221;warning&#8221; align=&#8221;left&#8221; el_class=&#8221;ztl-button-one ztl-mobile-center&#8221; link=&#8221;url:https%3A%2F%2Fanossaescola.pt%2Findex.php%2Fsobre-nos%2F%23sobre-nos&#8221;][vc_empty_space height=&#8221;20px&#8221;][\/vc_column][vc_column width=&#8221;2\/3&#8243;][vc_row_inner 0=&#8221;&#8221;][vc_column_inner el_class=&#8221;ztl-mobile-container ztl-mobile-center&#8221; width=&#8221;1\/3&#8243;][vc_icon color=&#8221;custom&#8221; background_style=&#8221;rounded-outline&#8221; background_color=&#8221;custom&#8221; size=&#8221;ztl-lg&#8221; icon_flaticon=&#8221;flaticon-baby-1&#8243; custom_color=&#8221;#ff4e31&#8243; css=&#8221;.vc_custom_1625855320005{margin-bottom: 0px !important;}&#8221; custom_background_color=&#8221;#f2f2f2&#8243;][vc_empty_space height=&#8221;20px&#8221;]<h5 style=\"color:;line-height:1.3;\" class=\" ztl-accent-font ztl-left ztl-font-normal\">JARDIM DE INF\u00c2NCIA<\/h5>[vc_empty_space height=&#8221;10px&#8221;][vc_column_text 0=&#8221;&#8221;]A educa\u00e7\u00e3o pr\u00e9-escolar \u00e9 a primeira etapa da educa\u00e7\u00e3o b\u00e1sica no processo de educa\u00e7\u00e3o ao longo da vida e destina-se a crian\u00e7as entre os 3 e os 5 anos de idade.[\/vc_column_text][vc_empty_space height=&#8221;20px&#8221;][\/vc_column_inner][vc_column_inner el_class=&#8221;ztl-mobile-container ztl-mobile-center&#8221; width=&#8221;1\/3&#8243;][vc_icon color=&#8221;custom&#8221; background_style=&#8221;rounded-outline&#8221; background_color=&#8221;custom&#8221; size=&#8221;ztl-lg&#8221; icon_flaticon=&#8221;flaticon-book-1&#8243; custom_color=&#8221;#ff4e31&#8243; css=&#8221;.vc_custom_1625855367751{margin-bottom: 0px !important;}&#8221; custom_background_color=&#8221;#f2f2f2&#8243;][vc_empty_space height=&#8221;20px&#8221;]<h5 style=\"color:;line-height:1.3;\" class=\" ztl-accent-font ztl-left ztl-font-normal\">CATL\/ SALAS DE ESTUDO<\/h5>[vc_empty_space height=&#8221;10px&#8221;][vc_column_text 0=&#8221;&#8221;]O Centro de Atividades de Tempos Livres (CATL) destina-se a crian\u00e7as com idades compreendidas entre os 6 e os 14 anos, que visa apoiar as fam\u00edlias na educa\u00e7\u00e3o dos seus filhos.[\/vc_column_text][vc_empty_space height=&#8221;20px&#8221;][\/vc_column_inner][vc_column_inner el_class=&#8221;ztl-mobile-container ztl-mobile-center&#8221; width=&#8221;1\/3&#8243;][vc_icon color=&#8221;custom&#8221; background_style=&#8221;rounded-outline&#8221; background_color=&#8221;custom&#8221; size=&#8221;ztl-lg&#8221; icon_flaticon=&#8221;flaticon-earth-globe&#8221; custom_color=&#8221;#ff4e31&#8243; css=&#8221;.vc_custom_1625855395004{margin-bottom: 0px !important;}&#8221; custom_background_color=&#8221;#f2f2f2&#8243;][vc_empty_space height=&#8221;20px&#8221;]<h5 style=\"color:;line-height:1.3;\" class=\" ztl-accent-font ztl-left ztl-font-normal\">PROJETO EDUCATIVO<\/h5>[vc_empty_space height=&#8221;10px&#8221;][vc_column_text 0=&#8221;&#8221;]Tra\u00e7a as linhas gerais de orienta\u00e7\u00e3o metodol\u00f3gica e pedag\u00f3gica e define objetivos e meios para os atingir, por forma a optimizar o papel da Institui\u00e7\u00e3o no processo educativo dos alunos, com vista ao seu sucesso escolar.[\/vc_column_text][vc_empty_space height=&#8221;20px&#8221;][\/vc_column_inner][\/vc_row_inner][\/vc_column][\/vc_row][\/vc_section][vc_row css=&#8221;.vc_custom_1626080052947{margin-bottom: 50px !important;}&#8221;][vc_column]<h2 style=\"color:;\" class=\" ztl-accent-font ztl-center ztl-font-normal\">INSTALA\u00c7\u00d5ES<\/h2>[vc_empty_space height=&#8221;60px&#8221;][vc_gallery type=&#8221;image_grid&#8221; images=&#8221;5341,5482,5483,5358,5485,5490,5491,5492,5493,5486,5344,5343&#8243; img_size=&#8221;medium&#8221;][\/vc_column][\/vc_row][vc_section full_width=&#8221;stretch_row&#8221; el_class=&#8221;ztl-background-one&#8221;][vc_row 0=&#8221;&#8221;][vc_column 0=&#8221;&#8221;][vc_empty_space height=&#8221;50px&#8221;]<h2 style=\"color:;\" class=\" ztl-accent-font ztl-center ztl-font-normal\">ATIVIDADES RECENTES<\/h2><div class=\"ztl-divider  center primary \">\r\n                <span style=\"border-color:; \" class=\"circle\">\r\n                    <span style=\"background-color:; \"><\/span>\r\n                    <span style=\"background-color:; \"><\/span>\r\n                <\/span>\r\n            <\/div>[vc_empty_space height=&#8221;60px&#8221;][vc_column_text]Array[\/vc_column_text][vc_empty_space height=&#8221;60px&#8221;][\/vc_column][\/vc_row][\/vc_section]<\/p>\n","protected":false},"excerpt":{"rendered":"<p>[vc_row full_width=&#8221;stretch_row_content_no_spaces&#8221;][vc_column 0=&#8221;&#8221;][\/vc_column][\/vc_row][vc_row full_width=&#8221;stretch_row&#8221; css=&#8221;.vc_custom_1626170721097{background-color: #0091d5 !important;}&#8221; el_class=&#8221;blue-background&#8221;][vc_column css=&#8221;.vc_custom_1626170465013{margin-top: 0px !important;padding-top: 0px !important;background-color: #0091d5 !important;}&#8221;][\/vc_column][\/vc_row][vc_section 0=&#8221;&#8221;][vc_row 0=&#8221;&#8221;][vc_column 0=&#8221;&#8221;][vc_empty_space height=&#8221;50px&#8221;][vc_empty_space height=&#8221;60px&#8221;][\/vc_column][\/vc_row][vc_row full_width=&#8221;stretch_row&#8221; css=&#8221;.vc_custom_1626080067350{margin-bottom: 50px !important;}&#8221;][vc_column width=&#8221;1\/3&#8243; el_class=&#8221;ztl-mobile-container&#8221;][vc_empty_space height=&#8221;40px&#8221;][vc_column_text 0=&#8221;&#8221;]H\u00e1 25 anos a educar, o Col\u00e9gio A NOSSA ESCOLA est\u00e1 focado no desenvolvimento de todos os seus alunos, procurando acompanhar as v\u00e1rias etapas do seu crescimento e [&hellip;]<\/p>\n","protected":false},"author":1,"featured_media":0,"parent":0,"menu_order":0,"comment_status":"closed","ping_status":"closed","template":"","meta":{"_monsterinsights_skip_tracking":false,"_monsterinsights_sitenote_active":false,"_monsterinsights_sitenote_note":"","_monsterinsights_sitenote_category":0,"footnotes":""},"class_list":["post-3359","page","type-page","status-publish","hentry"],"_links":{"self":[{"href":"https:\/\/anossaescola.pt\/index.php\/wp-json\/wp\/v2\/pages\/3359","targetHints":{"allow":["GET"]}}],"collection":[{"href":"https:\/\/anossaescola.pt\/index.php\/wp-json\/wp\/v2\/pages"}],"about":[{"href":"https:\/\/anossaescola.pt\/index.php\/wp-json\/wp\/v2\/types\/page"}],"author":[{"embeddable":true,"href":"https:\/\/anossaescola.pt\/index.php\/wp-json\/wp\/v2\/users\/1"}],"replies":[{"embeddable":true,"href":"https:\/\/anossaescola.pt\/index.php\/wp-json\/wp\/v2\/comments?post=3359"}],"version-history":[{"count":37,"href":"https:\/\/anossaescola.pt\/index.php\/wp-json\/wp\/v2\/pages\/3359\/revisions"}],"predecessor-version":[{"id":5494,"href":"https:\/\/anossaescola.pt\/index.php\/wp-json\/wp\/v2\/pages\/3359\/revisions\/5494"}],"wp:attachment":[{"href":"https:\/\/anossaescola.pt\/index.php\/wp-json\/wp\/v2\/media?parent=3359"}],"curies":[{"name":"wp","href":"https:\/\/api.w.org\/{rel}","templated":true}]}}